{"id":1523,"date":"2020-09-04T00:58:12","date_gmt":"2020-09-03T22:58:12","guid":{"rendered":"https:\/\/comensia.brussels\/nf30155-ovh\/?page_id=1523"},"modified":"2020-09-10T10:38:41","modified_gmt":"2020-09-10T08:38:41","slug":"privacy-comensia","status":"publish","type":"page","link":"https:\/\/comensia.be\/index.php\/nl\/privacy-comensia\/","title":{"rendered":"Privacy Comensia"},"content":{"rendered":"\t\t<div data-elementor-type=\"wp-page\" data-elementor-id=\"1523\" class=\"elementor elementor-1523\" data-elementor-post-type=\"page\">\n\t\t\t\t\t\t<section class=\"elementor-section elementor-top-section elementor-element elementor-element-c194a14 elementor-section-height-min-height elementor-section-boxed elementor-section-height-default elementor-section-items-middle\" data-id=\"c194a14\" data-element_type=\"section\" data-e-type=\"section\" data-settings=\"{&quot;background_background&quot;:&quot;classic&quot;,&quot;shape_divider_bottom&quot;:&quot;opacity-tilt&quot;}\">\n\t\t\t\t\t\t\t<div class=\"elementor-background-overlay\"><\/div>\n\t\t\t\t\t\t<div class=\"elementor-shape elementor-shape-bottom\" aria-hidden=\"true\" data-negative=\"false\">\n\t\t\t<svg xmlns=\"http:\/\/www.w3.org\/2000\/svg\" viewBox=\"0 0 2600 131.1\" preserveAspectRatio=\"none\">\n\t<path class=\"elementor-shape-fill\" d=\"M0 0L2600 0 2600 69.1 0 0z\"\/>\n\t<path class=\"elementor-shape-fill\" style=\"opacity:0.5\" d=\"M0 0L2600 0 2600 69.1 0 69.1z\"\/>\n\t<path class=\"elementor-shape-fill\" style=\"opacity:0.25\" d=\"M2600 0L0 0 0 130.1 2600 69.1z\"\/>\n<\/svg>\t\t<\/div>\n\t\t\t\t\t<div class=\"elementor-container elementor-column-gap-default\">\n\t\t\t\t\t<div class=\"elementor-column elementor-col-100 elementor-top-column elementor-element elementor-element-724fa84f\" data-id=\"724fa84f\" data-element_type=\"column\" data-e-type=\"column\">\n\t\t\t<div class=\"elementor-widget-wrap elementor-element-populated\">\n\t\t\t\t\t\t<div class=\"elementor-element elementor-element-11abe3a0 elementor-widget elementor-widget-theme-post-title elementor-page-title elementor-widget-heading\" data-id=\"11abe3a0\" data-element_type=\"widget\" data-e-type=\"widget\" data-widget_type=\"theme-post-title.default\">\n\t\t\t\t<div class=\"elementor-widget-container\">\n\t\t\t\t\t<h1 class=\"elementor-heading-title elementor-size-default\">Privacy Comensia<\/h1>\t\t\t\t<\/div>\n\t\t\t\t<\/div>\n\t\t\t\t\t<\/div>\n\t\t<\/div>\n\t\t\t\t\t<\/div>\n\t\t<\/section>\n\t\t\t\t<section class=\"elementor-section elementor-top-section elementor-element elementor-element-65da051d elementor-section-boxed elementor-section-height-default elementor-section-height-default\" data-id=\"65da051d\" data-element_type=\"section\" data-e-type=\"section\">\n\t\t\t\t\t\t<div class=\"elementor-container elementor-column-gap-default\">\n\t\t\t\t\t<div class=\"elementor-column elementor-col-100 elementor-top-column elementor-element elementor-element-5196edd1\" data-id=\"5196edd1\" data-element_type=\"column\" data-e-type=\"column\">\n\t\t\t<div class=\"elementor-widget-wrap elementor-element-populated\">\n\t\t\t\t\t\t<div class=\"elementor-element elementor-element-78c2f49c elementor-widget elementor-widget-text-editor\" data-id=\"78c2f49c\" data-element_type=\"widget\" data-e-type=\"widget\" data-widget_type=\"text-editor.default\">\n\t\t\t\t<div class=\"elementor-widget-container\">\n\t\t\t\t\t\t\t\t\t<p><\/p>\n<p>COMENSIA Scrl est une soci\u00e9t\u00e9 coop\u00e9rative \u00e0 responsabilit\u00e9 limit\u00e9e de droit belge dont le si\u00e8ge social est \u00e9tabli \u00e0 Molenbeek-Saint-Jean<\/p>\n<p><\/p>\n<p>COMENSIA Scrl est inscrit aupr\u00e8s de la Banque Carrefour des Entreprises sous le num\u00e9ro BE\u00a00403 302 046<\/p>\n<p><\/p>\n<h1 class=\"wp-block-heading\">RGPD (GDPR) &#8211; R\u00e8glement G\u00e9n\u00e9ral sur la Protection des Donn\u00e9es<\/h1>\n<p><\/p>\n<p>L&rsquo;entr\u00e9e en application du nouveau R\u00e8glement 2016\/679 relatif \u00e0 la protection des donn\u00e9es personnelles \u00ab RGPD (ou GDPR en anglais) \u00bb le 25 mai 2018 implique de nouvelles obligations dans le chef des responsables du traitement et leurs sous-traitants ainsi que de nouveaux droits dans le chef des personnes concern\u00e9es. Elle veille notamment \u00e0 ce que ces personnes aient davantage d&rsquo;informations et de contr\u00f4le sur leurs donn\u00e9es personnelles.<\/p>\n<p><\/p>\n<p>La protection des donn\u00e9es des candidats locataires, des locataires et de son personnel est primordiale pour COMENSIA Scrl et nous y accordons beaucoup d&rsquo;importance. Nous mettons tout en \u0153uvre pour respecter la l\u00e9gislation relative \u00e0 la protection de votre vie priv\u00e9e et de vos donn\u00e9es \u00e0 caract\u00e8re personnel. La soci\u00e9t\u00e9 COMENSIA Scrl n&rsquo;utilise vos donn\u00e9es personnelles que dans le cadre de l&rsquo;ex\u00e9cution de ses missions qui sont d\u00e9finies par le Code bruxellois du Logement (Articles 41 et 42 de l&rsquo;Ordonnance du 17 juillet 2003).<\/p>\n<p><\/p>\n<p>L&rsquo;article 4 de la r\u00e9glementation europ\u00e9enne d\u00e9finit les \u00ab DONN\u00c9ES \u00c0 CARACT\u00c8RE PERSONNEL \u00bb comme \u00ab foute information se rapportant \u00e0 une personne physique identifi\u00e9e ou identifiable ; est r\u00e9put\u00e9e \u00eatre une \u00abpersonne physique identifiable\u00bb une personne physique qui peut \u00eatre identifi\u00e9e, directement ou indirectement, notamment par r\u00e9f\u00e9rence \u00e0 un identifiant, tel qu&rsquo;un nom, un num\u00e9ro d&rsquo;identification, des donn\u00e9es de localisation, un identifiant en ligne, ou \u00e0 un ou plusieurs \u00e9l\u00e9ments sp\u00e9cifiques propres \u00e0 son identit\u00e9 physique, physiologique, g\u00e9n\u00e9tique, psychique, \u00e9conomique, culturelle ou sociale \u00bb.<\/p>\n<p><\/p>\n<h1 class=\"wp-block-heading\">Collecte des donn\u00e9es \u00e0 caract\u00e8re personnel<\/h1>\n<p><\/p>\n<p>COMENSIA Scrl est le responsable du traitement des donn\u00e9es personnelles vous concernant dans les domaines<\/p>\n<p><\/p>\n<h1 class=\"wp-block-heading\">Donn\u00e9es personnelles<\/h1>\n<p><\/p>\n<ul class=\"wp-block-list\">\n<li style=\"list-style-type: none;\">\n<ul>\n<li>de la gestion de son personnel<\/li>\n<li>de la gestion des Candidats Locataires et<\/li>\n<li>de la gestion des Locataires.<\/li>\n<\/ul>\n<\/li>\n<\/ul>\n<p><\/p>\n<p>Le traitement de vos donn\u00e9es personnelles par COMENSIA Scrl et, le cas \u00e9ch\u00e9ant, par ses partenaires ou sous-traitants est soumis au R\u00e8glement 2016\/679 relatif \u00e0 la protection des donn\u00e9es. D\u00e8s votre inscription comme candidat locataire ou ult\u00e9rieurement comme locataire, vous avez libre acc\u00e8s \u00e0 vos donn\u00e9es pour en demander, si n\u00e9cessaire, la rectification, la modification ou la suppression.<\/p>\n<p><\/p>\n<p>Vos donn\u00e9es personnelles ne seront utilis\u00e9es que dans un but li\u00e9 \u00e0 la relation.<\/p>\n<p><\/p>\n<h1 class=\"wp-block-heading\">S\u00e9curit\u00e9 et Conservation des donn\u00e9es<\/h1>\n<p><\/p>\n<p>La soci\u00e9t\u00e9 COMENSIA Scrl est le responsable l\u00e9gal de l&rsquo;utilisation des donn\u00e9es \u00e0 caract\u00e8re personnel de l&rsquo;Utilisateur, et est responsable du traitement de celles-ci.<\/p>\n<p><\/p>\n<p>La soci\u00e9t\u00e9 COMENSIA Scrl prend toutes les dispositions juridiques et techniques possibles pour \u00e9viter un acc\u00e8s et une utilisation non autoris\u00e9s des donn\u00e9es. En cas de piratage de ses syst\u00e8mes informatiques, elle prendra imm\u00e9diatement toutes les mesures afin de limiter au minimum les dommages et\/ou le vol.<\/p>\n<p><\/p>\n<p>Vos donn\u00e9es personnelles sont conserv\u00e9es pour la dur\u00e9e du traitement de la demande ou du dossier sauf pour les newsletters o\u00f9 les donn\u00e9es sont conserv\u00e9es tant que la personne est inscrite pour les recevoir.<\/p>\n<p><\/p>\n<h1 class=\"wp-block-heading\">Transfert de vos donn\u00e9es<\/h1>\n<p><\/p>\n<p>La soci\u00e9t\u00e9 COMENSIA Scrl ne partagera pas, ne vendra pas, ne transf\u00e9rera pas, ne diffusera pas vos donn\u00e9es personnelles.<\/p>\n<p><\/p>\n<h1 class=\"wp-block-heading\">Droits des utilisateurs<\/h1>\n<p><\/p>\n<p>Si vous souhaitez exercer vos droits en tant qu&rsquo;utilisateur et notamment acc\u00e9der \u00e0 vos donn\u00e9es personnelles, obtenir qu&rsquo;elles soient corrig\u00e9es si n\u00e9cessaire ou effac\u00e9es, limiter ou refuser leur traitement, retirer votre consentement, obtenir leur portabilit\u00e9, vous pouvez \u00e0 tout moment nous contacter en nous envoyant une demande \u00e9crite l&rsquo;adresse mail suivante : privacy@comensia.be<\/p>\n<p><\/p>\n<h1 class=\"wp-block-heading\">Utilisation des cookies sur le site<\/h1>\n<p><\/p>\n<p>Le site internet de COMENSIA Scrl utilise des cookies afin de collecter des statistiques permettant notamment de conna\u00eetre par exemple le nombre de visiteurs, leur situation g\u00e9ographique, leur parcours sur le site et le moment de la visite. Nous ne faisons aucun usage commercial de ces donn\u00e9es. En naviguant sur notre site, vous acceptez l&rsquo;utilisation des cookies. Vous avez la possibilit\u00e9, \u00e0 tout moment, de bloquer l&rsquo;utilisation des cookies avec votre navigateur.<\/p>\n<p><\/p>\t\t\t\t\t\t\t\t<\/div>\n\t\t\t\t<\/div>\n\t\t\t\t\t<\/div>\n\t\t<\/div>\n\t\t\t\t\t<\/div>\n\t\t<\/section>\n\t\t\t\t<\/div>\n\t\t","protected":false},"excerpt":{"rendered":"<p>COMENSIA Scrl est une soci\u00e9t\u00e9 coop\u00e9rative \u00e0 responsabilit\u00e9 limit\u00e9e de droit belge dont le si\u00e8ge social est \u00e9tabli \u00e0 Molenbeek-Saint-Jean COMENSIA Scrl est inscrit aupr\u00e8s de la Banque Carrefour des Entreprises sous le num\u00e9ro BE\u00a00403 302 046 RGPD (GDPR) &#8211; R\u00e8glement G\u00e9n\u00e9ral sur la Protection des Donn\u00e9es L&rsquo;entr\u00e9e en application du nouveau R\u00e8glement 2016\/679 relatif &hellip; <a href=\"https:\/\/comensia.be\/index.php\/nl\/privacy-comensia\/\" class=\"more-link\">Continuer la lecture<span class=\"screen-reader-text\"> de &laquo;&nbsp;Privacy Comensia&nbsp;&raquo;<\/span><\/a><\/p>\n","protected":false},"author":1,"featured_media":0,"parent":0,"menu_order":0,"comment_status":"closed","ping_status":"closed","template":"elementor_canvas","meta":{"footnotes":""},"class_list":["post-1523","page","type-page","status-publish","hentry"],"_links":{"self":[{"href":"https:\/\/comensia.be\/index.php\/wp-json\/wp\/v2\/pages\/1523","targetHints":{"allow":["GET"]}}],"collection":[{"href":"https:\/\/comensia.be\/index.php\/wp-json\/wp\/v2\/pages"}],"about":[{"href":"https:\/\/comensia.be\/index.php\/wp-json\/wp\/v2\/types\/page"}],"author":[{"embeddable":true,"href":"https:\/\/comensia.be\/index.php\/wp-json\/wp\/v2\/users\/1"}],"replies":[{"embeddable":true,"href":"https:\/\/comensia.be\/index.php\/wp-json\/wp\/v2\/comments?post=1523"}],"version-history":[{"count":4,"href":"https:\/\/comensia.be\/index.php\/wp-json\/wp\/v2\/pages\/1523\/revisions"}],"predecessor-version":[{"id":1829,"href":"https:\/\/comensia.be\/index.php\/wp-json\/wp\/v2\/pages\/1523\/revisions\/1829"}],"wp:attachment":[{"href":"https:\/\/comensia.be\/index.php\/wp-json\/wp\/v2\/media?parent=1523"}],"curies":[{"name":"wp","href":"https:\/\/api.w.org\/{rel}","templated":true}]}}